{"id":8927,"date":"2025-04-23T12:42:04","date_gmt":"2025-04-23T11:42:04","guid":{"rendered":"https:\/\/aka-pcb.si\/?page_id=8927"},"modified":"2025-04-24T06:34:40","modified_gmt":"2025-04-24T05:34:40","slug":"videonadzor","status":"publish","type":"page","link":"https:\/\/aka-pcb.si\/sl\/videonadzor\/","title":{"rendered":"Videonadzor"},"content":{"rendered":"\t\t<div data-elementor-type=\"wp-page\" data-elementor-id=\"8927\" class=\"elementor elementor-8927\">\n\t\t\t\t\t\t<section class=\"elementor-section elementor-top-section elementor-element elementor-element-7670229f elementor-section-height-min-height elementor-section-items-stretch elementor-section-boxed elementor-section-height-default\" data-id=\"7670229f\" data-element_type=\"section\" data-settings=\"{&quot;background_background&quot;:&quot;classic&quot;}\">\r\n\t\t\t\t\t\t\t<div class=\"elementor-background-overlay\"><\/div>\r\n\t\t\t\t\t\t\t<div class=\"elementor-container elementor-column-gap-no\"><div class=\"elementor-row\">\r\n\t\t\t\t\t<div class=\"elementor-column elementor-col-100 elementor-top-column elementor-element elementor-element-408d1317\" data-id=\"408d1317\" data-element_type=\"column\">\n\t\t\t<div class=\"elementor-widget-wrap elementor-element-populated\">\n\t\t\t\t\t\t<div class=\"elementor-element elementor-element-28e156a5 elementor-widget__width-initial flex-horizontal-align-default flex-horizontal-align-tablet-default flex-horizontal-align-mobile-default flex-vertical-align-default flex-vertical-align-tablet-default flex-vertical-align-mobile-default elementor-widget elementor-widget-text-editor\" data-id=\"28e156a5\" data-element_type=\"widget\" data-widget_type=\"text-editor.default\">\n\t\t\t\t<div class=\"elementor-widget-container\">\n\t\t\t\t\t\t\t\t\t\t\t\t<div class=\"elementor-text-editor elementor-clearfix\">\r\n\t\t\t\t\t\t<div class=\"title-xlarge\"><span style=\"color: #813f90;\">Videonadzor<span style=\"color: #813f90;\">.<\/span><\/span><\/div>\t\t\t\t\t\t\t<\/div>\r\n\t\t\t\t\t\t\t\t\t\t<\/div>\n\t\t\t\t<\/div>\n\t\t\t\t\t<\/div>\n\t\t<\/div>\n\t\t\t\t\t<\/div><\/div>\r\n\t\t<\/section>\r\n\t\t<div class=\"elementor-element elementor-element-8bb8349 thegem-e-con-layout-thegem e-flex e-con-boxed e-con e-parent\" data-id=\"8bb8349\" data-element_type=\"container\" data-settings=\"{&quot;background_background&quot;:&quot;classic&quot;,&quot;thegem_container_layout&quot;:&quot;thegem&quot;}\">\r\n\t\t\t\t\t<div class=\"e-con-inner\">\r\n\t\t\t\t<div class=\"elementor-element elementor-element-45a7abf flex-horizontal-align-default flex-horizontal-align-tablet-default flex-horizontal-align-mobile-default flex-vertical-align-default flex-vertical-align-tablet-default flex-vertical-align-mobile-default elementor-widget elementor-widget-text-editor\" data-id=\"45a7abf\" data-element_type=\"widget\" data-widget_type=\"text-editor.default\">\n\t\t\t\t<div class=\"elementor-widget-container\">\n\t\t\t\t\t\t\t\t\t\t\t\t<div class=\"elementor-text-editor elementor-clearfix\">\r\n\t\t\t\t\t\t<header id=\"post-article-header\"><p><img fetchpriority=\"high\" class=\"alignnone size-full wp-image-8935\" src=\"https:\/\/mandu.si\/aka\/wp-content\/uploads\/2025\/04\/video-nadzor-840x454-1.jpg\" alt=\"\" width=\"840\" height=\"454\" srcset=\"https:\/\/aka-pcb.si\/wp-content\/uploads\/2025\/04\/video-nadzor-840x454-1.jpg 840w, https:\/\/aka-pcb.si\/wp-content\/uploads\/2025\/04\/video-nadzor-840x454-1-300x162.jpg 300w, https:\/\/aka-pcb.si\/wp-content\/uploads\/2025\/04\/video-nadzor-840x454-1-768x415.jpg 768w\" sizes=\"(max-width: 840px) 100vw, 840px\" \/><\/p><p class=\"date medium-text defult-p-marg\">01.06.2023<\/p><\/header><section id=\"post-article-content\"><p><strong>OBVESTILO ZAPOSLENIM IN ZUNANJIM OSEBAM O IZVAJANJU VIDEONADZORA V PROSTORIH PODJETJA AKA PCB D.O.O., LESCE v skladu s 3. odstavkom 76. \u010dlena Zakona o varstvu osebnih podatkov (Uradni list RS, \u0161t. 163\/2022, ZVOP-2)<\/strong><\/p><p>1.\u00a0<strong>IZVAJALEC VIDEONADZORA IN UPRAVLJAVEC OSEBNIH PODATKOV:<\/strong><\/p><p>AKA PCB d.o.o., Lesce, Ro\u017ena dolina 54, 4248 Lesce; e-po\u0161ta:\u00a0<a href=\"mailto:aka@aka-pcb.si\">aka@aka-pcb.si<\/a>. Dostop do videoposnetkov in do videonadzornega sistema imajo samo poobla\u0161\u010dene osebe upravljavca.<\/p><p>2.\u00a0<strong>NAMEN IN PRAVNA PODLAGA ZA IZVAJANJA VIDEONADZORA:<\/strong><\/p><p>Videonadzor se izvaja na podlagi zakonitega interesa zagotavljanja varnosti ljudi in premo\u017eenja in s tem povezanim nadzorom vstopa in izstopa ter zagotavljanjem nemotenega proizvodnega procesa v skladu z dolo\u010dili 76., 77. in 78. \u010dlena ZVOP-2.<\/p><p>3.\u00a0<strong>OBDOBJE HRAMBE VIDEOPOSNETKOV:<\/strong><\/p><p>V kolikor ni zaznanih posebnosti, se videoposnetki hranijo najve\u010d 3 mesece, potem pa se trajno izbri\u0161ejo. Kopije posnetkov, ki se shranijo za namene morebitne uporabe v pravnih in drugih postopkih, se hranijo toliko \u010dasa, dokler ti nameni niso izpolnjeni, dokler postopki, za namene katerih se hranijo, niso zaklju\u010deni, v primeru, ko do tak\u0161nih postopkov ne pride, pa najve\u010d do roka, ko tak\u0161ni zahtevki zastarajo.<\/p><p>4.\u00a0<strong>PRAVICE POSAMEZNIKOV V ZVEZI Z OBDELAVO OSEBNIH PODATKOV:<\/strong><\/p><p>Posameznik, na katerega se nana\u0161ajo osebni podatki, ima zagotovljene vse pravice v zvezi z obdelovanjem osebnih podatkov, kot so dolo\u010dene v Splo\u0161ni uredbi (Uredba (EU) 2016\/679 Evropskega Parlamenta in Sveta z dne 27. aprila 2016 o varstvu posameznikov pri obdelavi osebnih podatkov in o prostem pretoku takih podatkov ter o razveljavitvi Direktive 95\/46\/ES) in ZVOP-2. Upravljavec pred izvr\u0161evanjem pravice preveri identiteto posameznika, ki uveljavlja svoje pravice. Posameznik svojo zahtevo posreduje na zgoraj navedene kontakte (1. to\u010dka).<\/p><p>Posameznik, ki ga je posnela videonadzorna kamera ima pravico do:<\/p><ul class=\"wp-block-list\"><li>dostopa do osebnih podatkov<\/li><li>popravka ali izbrisa osebnih podatkov<\/li><li>omejitve obdelave v zvezi s posameznikom, na katerega se nana\u0161ajo osebni podatki<\/li><li>ugovora obdelavi<\/li><li>prenosljivosti podatkov<\/li><\/ul><p>O pravicah se odlo\u010da v vsakem konkretnem primeru. Posameznik ima pravico zahtevati dostop do osebnih podatkov (posnetka) zgolj v delu, ki se nana\u0161a nanj. V ta namen mora zahtevo specificirati na na\u010din, da jasno navede, v katerem prostoru se je domnevno nahajal in kdaj (dolo\u010dno opredeljeno \u010dasovno obdobje). Upravljavec izpolnitev upravi\u010dene zahteve izpolni v roku enega meseca. V kolikor posameznik ne \u017eeli biti videonadzorovan oziroma na posnet na posnetku, ima pravico, da se vstopu v videonadzorovano obmo\u010dje odpove (ne vstopi). Posameznik ima pravico, da se prito\u017ei pri Informacijskem poobla\u0161\u010dencu, Dunajska cesta 22, 1000 Ljubljana, Slovenija,\u00a0<a href=\"mailto:gp.ip@ip-rs.si\">gp.ip@ip-rs.si<\/a>.<\/p><p>5.\u00a0<strong>INFORMACIJE O POSEBNIH VPLIVIH OBDELAVE:<\/strong><\/p><p>Posnetki se obdelujejo izklju\u010dno za namen, zaradi katerega je bil videonadzor vzpostavljen in posebnih vplivov obdelav ni. Kadar pride do izrednega dogodka (povzro\u010ditev \u0161kode ali nesre\u010de, nepoobla\u0161\u010den vstop,\u2026) se posnetki lahko uporabijo za uveljavljanje, izvajanje ali obrambo morebitnih zahtevkov v zvezi s tak\u0161nim dogodkom.<\/p><p>6.\u00a0<strong>NEOBI\u010cAJNE NADALJNE OBDELAVE:<\/strong><\/p><p>Neobi\u010dajnih nadaljnjih obdelav ni, v okviru videonadzora upravljavec ne snema zvoka, videoposnetkov se ne prena\u0161a v tretje dr\u017eave, dostop do spremljanja dogajanja v \u017eivo pa imajo samo poobla\u0161\u010dene osebe upravljavca. Avtomatizirano sprejemanje odlo\u010ditev ne poteka.<\/p><\/section>\t\t\t\t\t\t\t<\/div>\r\n\t\t\t\t\t\t\t\t\t\t<\/div>\n\t\t\t\t<\/div>\n\t\t\t\t\t<\/div>\n\t\t\t\t<\/div>\n\t\t\t\t<\/div>\n\t\t","protected":false},"excerpt":{"rendered":"<p>Videonadzor. 01.06.2023 OBVESTILO ZAPOSLENIM IN ZUNANJIM OSEBAM O IZVAJANJU VIDEONADZORA V PROSTORIH PODJETJA AKA PCB D.O.O., LESCE v skladu s&#8230;<\/p>\n","protected":false},"author":1,"featured_media":0,"parent":0,"menu_order":0,"comment_status":"closed","ping_status":"closed","template":"page-fullwidth.php","meta":{"footnotes":""},"class_list":["post-8927","page","type-page","status-publish"],"yoast_head":"<!-- This site is optimized with the Yoast SEO plugin v27.3 - https:\/\/yoast.com\/product\/yoast-seo-wordpress\/ -->\n<title>Videonadzor - AKA pcb<\/title>\n<meta name=\"robots\" content=\"index, follow, max-snippet:-1, max-image-preview:large, max-video-preview:-1\" \/>\n<link rel=\"canonical\" href=\"https:\/\/aka-pcb.si\/sl\/videonadzor\/\" \/>\n<meta property=\"og:locale\" content=\"sl_SI\" \/>\n<meta property=\"og:type\" content=\"article\" \/>\n<meta property=\"og:title\" content=\"Videonadzor - AKA pcb\" \/>\n<meta property=\"og:description\" content=\"Videonadzor. 01.06.2023 OBVESTILO ZAPOSLENIM IN ZUNANJIM OSEBAM O IZVAJANJU VIDEONADZORA V PROSTORIH PODJETJA AKA PCB D.O.O., LESCE v skladu s...\" \/>\n<meta property=\"og:url\" content=\"https:\/\/aka-pcb.si\/sl\/videonadzor\/\" \/>\n<meta property=\"og:site_name\" content=\"AKA pcb\" \/>\n<meta property=\"article:publisher\" content=\"https:\/\/www.facebook.com\/people\/aka-pcbsi\/100069117666047\/\" \/>\n<meta property=\"article:modified_time\" content=\"2025-04-24T05:34:40+00:00\" \/>\n<meta property=\"og:image\" content=\"https:\/\/aka-pcb.si\/wp-content\/uploads\/2025\/04\/video-nadzor-840x454-1.jpg\" \/>\n<meta name=\"twitter:card\" content=\"summary_large_image\" \/>\n<meta name=\"twitter:label1\" content=\"Est. reading time\" \/>\n\t<meta name=\"twitter:data1\" content=\"3 minute\" \/>\n<script type=\"application\/ld+json\" class=\"yoast-schema-graph\">{\"@context\":\"https:\\\/\\\/schema.org\",\"@graph\":[{\"@type\":\"WebPage\",\"@id\":\"https:\\\/\\\/aka-pcb.si\\\/sl\\\/videonadzor\\\/\",\"url\":\"https:\\\/\\\/aka-pcb.si\\\/sl\\\/videonadzor\\\/\",\"name\":\"Videonadzor - AKA pcb\",\"isPartOf\":{\"@id\":\"https:\\\/\\\/aka-pcb.si\\\/sl\\\/#website\"},\"primaryImageOfPage\":{\"@id\":\"https:\\\/\\\/aka-pcb.si\\\/sl\\\/videonadzor\\\/#primaryimage\"},\"image\":{\"@id\":\"https:\\\/\\\/aka-pcb.si\\\/sl\\\/videonadzor\\\/#primaryimage\"},\"thumbnailUrl\":\"https:\\\/\\\/aka-pcb.si\\\/wp-content\\\/uploads\\\/2025\\\/04\\\/video-nadzor-840x454-1.jpg\",\"datePublished\":\"2025-04-23T11:42:04+00:00\",\"dateModified\":\"2025-04-24T05:34:40+00:00\",\"breadcrumb\":{\"@id\":\"https:\\\/\\\/aka-pcb.si\\\/sl\\\/videonadzor\\\/#breadcrumb\"},\"inLanguage\":\"sl-SI\",\"potentialAction\":[{\"@type\":\"ReadAction\",\"target\":[\"https:\\\/\\\/aka-pcb.si\\\/sl\\\/videonadzor\\\/\"]}]},{\"@type\":\"ImageObject\",\"inLanguage\":\"sl-SI\",\"@id\":\"https:\\\/\\\/aka-pcb.si\\\/sl\\\/videonadzor\\\/#primaryimage\",\"url\":\"https:\\\/\\\/aka-pcb.si\\\/wp-content\\\/uploads\\\/2025\\\/04\\\/video-nadzor-840x454-1.jpg\",\"contentUrl\":\"https:\\\/\\\/aka-pcb.si\\\/wp-content\\\/uploads\\\/2025\\\/04\\\/video-nadzor-840x454-1.jpg\"},{\"@type\":\"BreadcrumbList\",\"@id\":\"https:\\\/\\\/aka-pcb.si\\\/sl\\\/videonadzor\\\/#breadcrumb\",\"itemListElement\":[{\"@type\":\"ListItem\",\"position\":1,\"name\":\"Home\",\"item\":\"https:\\\/\\\/aka-pcb.si\\\/sl\\\/\"},{\"@type\":\"ListItem\",\"position\":2,\"name\":\"Videonadzor\"}]},{\"@type\":\"WebSite\",\"@id\":\"https:\\\/\\\/aka-pcb.si\\\/sl\\\/#website\",\"url\":\"https:\\\/\\\/aka-pcb.si\\\/sl\\\/\",\"name\":\"AKA pcb\",\"description\":\"Tiskana vezja\",\"publisher\":{\"@id\":\"https:\\\/\\\/aka-pcb.si\\\/sl\\\/#organization\"},\"potentialAction\":[{\"@type\":\"SearchAction\",\"target\":{\"@type\":\"EntryPoint\",\"urlTemplate\":\"https:\\\/\\\/aka-pcb.si\\\/sl\\\/?s={search_term_string}\"},\"query-input\":{\"@type\":\"PropertyValueSpecification\",\"valueRequired\":true,\"valueName\":\"search_term_string\"}}],\"inLanguage\":\"sl-SI\"},{\"@type\":\"Organization\",\"@id\":\"https:\\\/\\\/aka-pcb.si\\\/sl\\\/#organization\",\"name\":\"AKA pcb\",\"url\":\"https:\\\/\\\/aka-pcb.si\\\/sl\\\/\",\"logo\":{\"@type\":\"ImageObject\",\"inLanguage\":\"sl-SI\",\"@id\":\"https:\\\/\\\/aka-pcb.si\\\/sl\\\/#\\\/schema\\\/logo\\\/image\\\/\",\"url\":\"https:\\\/\\\/aka-pcb.si\\\/wp-content\\\/uploads\\\/2025\\\/03\\\/akapcb.jpg\",\"contentUrl\":\"https:\\\/\\\/aka-pcb.si\\\/wp-content\\\/uploads\\\/2025\\\/03\\\/akapcb.jpg\",\"width\":696,\"height\":696,\"caption\":\"AKA pcb\"},\"image\":{\"@id\":\"https:\\\/\\\/aka-pcb.si\\\/sl\\\/#\\\/schema\\\/logo\\\/image\\\/\"},\"sameAs\":[\"https:\\\/\\\/www.facebook.com\\\/people\\\/aka-pcbsi\\\/100069117666047\\\/\"]}]}<\/script>\n<!-- \/ Yoast SEO plugin. -->","yoast_head_json":{"title":"Videonadzor - AKA pcb","robots":{"index":"index","follow":"follow","max-snippet":"max-snippet:-1","max-image-preview":"max-image-preview:large","max-video-preview":"max-video-preview:-1"},"canonical":"https:\/\/aka-pcb.si\/sl\/videonadzor\/","og_locale":"sl_SI","og_type":"article","og_title":"Videonadzor - AKA pcb","og_description":"Videonadzor. 01.06.2023 OBVESTILO ZAPOSLENIM IN ZUNANJIM OSEBAM O IZVAJANJU VIDEONADZORA V PROSTORIH PODJETJA AKA PCB D.O.O., LESCE v skladu s...","og_url":"https:\/\/aka-pcb.si\/sl\/videonadzor\/","og_site_name":"AKA pcb","article_publisher":"https:\/\/www.facebook.com\/people\/aka-pcbsi\/100069117666047\/","article_modified_time":"2025-04-24T05:34:40+00:00","og_image":[{"url":"https:\/\/aka-pcb.si\/wp-content\/uploads\/2025\/04\/video-nadzor-840x454-1.jpg","type":"","width":"","height":""}],"twitter_card":"summary_large_image","twitter_misc":{"Est. reading time":"3 minute"},"schema":{"@context":"https:\/\/schema.org","@graph":[{"@type":"WebPage","@id":"https:\/\/aka-pcb.si\/sl\/videonadzor\/","url":"https:\/\/aka-pcb.si\/sl\/videonadzor\/","name":"Videonadzor - AKA pcb","isPartOf":{"@id":"https:\/\/aka-pcb.si\/sl\/#website"},"primaryImageOfPage":{"@id":"https:\/\/aka-pcb.si\/sl\/videonadzor\/#primaryimage"},"image":{"@id":"https:\/\/aka-pcb.si\/sl\/videonadzor\/#primaryimage"},"thumbnailUrl":"https:\/\/aka-pcb.si\/wp-content\/uploads\/2025\/04\/video-nadzor-840x454-1.jpg","datePublished":"2025-04-23T11:42:04+00:00","dateModified":"2025-04-24T05:34:40+00:00","breadcrumb":{"@id":"https:\/\/aka-pcb.si\/sl\/videonadzor\/#breadcrumb"},"inLanguage":"sl-SI","potentialAction":[{"@type":"ReadAction","target":["https:\/\/aka-pcb.si\/sl\/videonadzor\/"]}]},{"@type":"ImageObject","inLanguage":"sl-SI","@id":"https:\/\/aka-pcb.si\/sl\/videonadzor\/#primaryimage","url":"https:\/\/aka-pcb.si\/wp-content\/uploads\/2025\/04\/video-nadzor-840x454-1.jpg","contentUrl":"https:\/\/aka-pcb.si\/wp-content\/uploads\/2025\/04\/video-nadzor-840x454-1.jpg"},{"@type":"BreadcrumbList","@id":"https:\/\/aka-pcb.si\/sl\/videonadzor\/#breadcrumb","itemListElement":[{"@type":"ListItem","position":1,"name":"Home","item":"https:\/\/aka-pcb.si\/sl\/"},{"@type":"ListItem","position":2,"name":"Videonadzor"}]},{"@type":"WebSite","@id":"https:\/\/aka-pcb.si\/sl\/#website","url":"https:\/\/aka-pcb.si\/sl\/","name":"AKA pcb","description":"Tiskana vezja","publisher":{"@id":"https:\/\/aka-pcb.si\/sl\/#organization"},"potentialAction":[{"@type":"SearchAction","target":{"@type":"EntryPoint","urlTemplate":"https:\/\/aka-pcb.si\/sl\/?s={search_term_string}"},"query-input":{"@type":"PropertyValueSpecification","valueRequired":true,"valueName":"search_term_string"}}],"inLanguage":"sl-SI"},{"@type":"Organization","@id":"https:\/\/aka-pcb.si\/sl\/#organization","name":"AKA pcb","url":"https:\/\/aka-pcb.si\/sl\/","logo":{"@type":"ImageObject","inLanguage":"sl-SI","@id":"https:\/\/aka-pcb.si\/sl\/#\/schema\/logo\/image\/","url":"https:\/\/aka-pcb.si\/wp-content\/uploads\/2025\/03\/akapcb.jpg","contentUrl":"https:\/\/aka-pcb.si\/wp-content\/uploads\/2025\/03\/akapcb.jpg","width":696,"height":696,"caption":"AKA pcb"},"image":{"@id":"https:\/\/aka-pcb.si\/sl\/#\/schema\/logo\/image\/"},"sameAs":["https:\/\/www.facebook.com\/people\/aka-pcbsi\/100069117666047\/"]}]}},"_links":{"self":[{"href":"https:\/\/aka-pcb.si\/sl\/wp-json\/wp\/v2\/pages\/8927","targetHints":{"allow":["GET"]}}],"collection":[{"href":"https:\/\/aka-pcb.si\/sl\/wp-json\/wp\/v2\/pages"}],"about":[{"href":"https:\/\/aka-pcb.si\/sl\/wp-json\/wp\/v2\/types\/page"}],"author":[{"embeddable":true,"href":"https:\/\/aka-pcb.si\/sl\/wp-json\/wp\/v2\/users\/1"}],"replies":[{"embeddable":true,"href":"https:\/\/aka-pcb.si\/sl\/wp-json\/wp\/v2\/comments?post=8927"}],"version-history":[{"count":2,"href":"https:\/\/aka-pcb.si\/sl\/wp-json\/wp\/v2\/pages\/8927\/revisions"}],"predecessor-version":[{"id":9237,"href":"https:\/\/aka-pcb.si\/sl\/wp-json\/wp\/v2\/pages\/8927\/revisions\/9237"}],"wp:attachment":[{"href":"https:\/\/aka-pcb.si\/sl\/wp-json\/wp\/v2\/media?parent=8927"}],"curies":[{"name":"wp","href":"https:\/\/api.w.org\/{rel}","templated":true}]}}